{"id":14,"date":"2017-09-15T09:05:55","date_gmt":"2017-09-15T07:05:55","guid":{"rendered":"http:\/\/kronos.psgaz.pl\/m\/?page_id=14"},"modified":"2018-08-27T20:17:24","modified_gmt":"2018-08-27T18:17:24","slug":"polecam","status":"publish","type":"page","link":"http:\/\/mikrobiotop.pl\/index.php\/polecam\/","title":{"rendered":"Polecam"},"content":{"rendered":"<h2>Zaprzyja\u017anione instytucje, firmy i organizacje:<\/h2>\n<ul>\n<li>Europejskie Centrum Las\u00f3w Naturalnych Instytutu Badawczego Le\u015bnictwa w Bia\u0142owie\u017cy<\/li>\n<li>\"Alg\" Leszek Wojta\u015b stemple poligrafia szyldy banery Gda\u0144sk (<a style=\"text-decoration: none;\" href=\"http:\/\/www.alg.net.pl\" target=\"_blank\" rel=\"noopener\">www<\/a>)<\/li>\n<li>\"Foto Studio\" Marzena A. Wierzbowska Zak\u0142ad Fotograficzny Gda\u0144sk (<a style=\"text-decoration: none;\" href=\"http:\/\/www.fotostudiom.pl\" target=\"_blank\" rel=\"noopener\">www<\/a>)<\/li>\n<li>Stowarzyszenie Przyjaci\u00f3\u0142 Gminy Kocza\u0142a (<a style=\"text-decoration: none;\" href=\"http:\/\/www.stowarzyszenie.koczala.pl\" target=\"_blank\" rel=\"noopener\">www<\/a>)<\/li>\n<li>\"Ma\u0142a Przysta\u0144\" Wypo\u017cyczalnia Kajak\u00f3w\u00a0 Stara Brda Pilska (<a style=\"text-decoration: none;\" href=\"http:\/\/www.mala-przystan.com\" target=\"_blank\" rel=\"noopener\">www<\/a>)<\/li>\n<li>Via Mercatorum Przemys\u0142aw Jujka Nadmorskie Warsztaty Przyrodnicze Gda\u0144sk-K\u0105ty Rybackie (<a style=\"text-decoration: none;\" href=\"http:\/\/warsztatyprzyrodnicze.com\" target=\"_blank\" rel=\"noopener\">www<\/a>)<\/li>\n<li>Polskie Towarzystwo Ochrony Przyrody \"Salamandra\" oddz. Gda\u0144sk (<a style=\"text-decoration: none;\" href=\"http:\/\/www.salamandra.sylaba.pl\" target=\"_blank\" rel=\"noopener\">www<\/a>)<\/li>\n<li>\"Jarpol\" Us\u0142ugi Remontowo-Budowlane Jaros\u0142aw Ostrowski\u00a0 Sopot<\/li>\n<li>Instytut Psychoimmunologii w Gdyni, O\u015brodek Redukcji Stresu i Depresji (<a style=\"text-decoration: none;\" href=\"http:\/\/www.ipsi.pl\/ipsi-w-gdyni\" target=\"_blank\" rel=\"noopener\">www<\/a>)<\/li>\n<li>Wydawnictwo Arche s.c. Sopot<\/li>\n<li>Fundacja Dom Rain Mana Sopot (<a style=\"text-decoration: none;\" href=\"http:\/\/www.domrainmana.pl\" target=\"_blank\" rel=\"noopener\">www<\/a>)<\/li>\n<li>Grupa Audytorska ReVista Sp. z o.o. Gdynia (<a style=\"text-decoration: none;\" href=\"http:\/\/www.revista.com.pl\" target=\"_blank\" rel=\"noopener\">www<\/a>)<\/li>\n<li>Fotografia przestrzenna i panoramiczna (<a style=\"text-decoration: none;\" href=\"http:\/\/www.sferyczna.pl\" target=\"_blank\" rel=\"noopener\">www.sferyczna.pl<\/a>)<\/li>\n<li>I Akademickie Liceum Og\u00f3lnokszta\u0142c\u0105ce Gdynia (<a style=\"text-decoration: none;\" href=\"http:\/\/www.1alo.org\" target=\"_blank\" rel=\"noopener\">www<\/a>)<\/li>\n<li>JWK-Soft s.c. , Jacek Ko\u0142odziejczyk, Wojciech Ilczyszyn, Krzysztof Zwara Gda\u0144sk (<a style=\"text-decoration: none;\" href=\"http:\/\/www.jwk-soft.pl\" target=\"_blank\" rel=\"noopener\">www<\/a>)<\/li>\n<li>Stowarzyszenie Ptaki Polskie:\n<ul>\n<li><a style=\"text-decoration: none;\" href=\"http:\/\/www.jestemnapTAK.pl\" target=\"_blank\" rel=\"noopener\">www.jestemnapTAK.pl<\/a><\/li>\n<li><a style=\"text-decoration: none;\" href=\"http:\/\/www.bagnasadobre.pl\" target=\"_blank\" rel=\"noopener\">www.bagnasadobre.pl<\/a><\/li>\n<li><a style=\"text-decoration: none;\" href=\"http:\/\/www.orlikgrubodzioby.pl\" target=\"_blank\" rel=\"noopener\">www.orlikgrubodzioby.pl<\/a><\/li>\n<li><a style=\"text-decoration: none;\" href=\"http:\/\/www.ptakipolskie.pl\" target=\"_blank\" rel=\"noopener\">www.ptakipolskie.pl<\/a><\/li>\n<\/ul>\n<\/li>\n<\/ul>\n","protected":false},"excerpt":{"rendered":"<p>Zaprzyja\u017anione instytucje, firmy i organizacje: Europejskie Centrum Las\u00f3w Naturalnych Instytutu Badawczego Le\u015bnictwa w Bia\u0142owie\u017cy \"Alg\" Leszek Wojta\u015b stemple poligrafia szyldy banery Gda\u0144sk (www) \"Foto Studio\" Marzena A. Wierzbowska Zak\u0142ad Fotograficzny Gda\u0144sk (www) Stowarzyszenie Przyjaci\u00f3\u0142 Gminy Kocza\u0142a (www) \"Ma\u0142a Przysta\u0144\" Wypo\u017cyczalnia Kajak\u00f3w\u00a0 Stara Brda Pilska (www) Via Mercatorum Przemys\u0142aw Jujka Nadmorskie Warsztaty Przyrodnicze Gda\u0144sk-K\u0105ty Rybackie (www) <a href=\"http:\/\/mikrobiotop.pl\/index.php\/polecam\/\" class=\"more-link\">Czytaj dalej...<span class=\"screen-reader-text\"> \"Polecam\"<\/span><\/a><\/p>\n","protected":false},"author":1,"featured_media":0,"parent":0,"menu_order":5,"comment_status":"closed","ping_status":"closed","template":"","meta":[],"_links":{"self":[{"href":"http:\/\/mikrobiotop.pl\/index.php\/wp-json\/wp\/v2\/pages\/14"}],"collection":[{"href":"http:\/\/mikrobiotop.pl\/index.php\/wp-json\/wp\/v2\/pages"}],"about":[{"href":"http:\/\/mikrobiotop.pl\/index.php\/wp-json\/wp\/v2\/types\/page"}],"author":[{"embeddable":true,"href":"http:\/\/mikrobiotop.pl\/index.php\/wp-json\/wp\/v2\/users\/1"}],"replies":[{"embeddable":true,"href":"http:\/\/mikrobiotop.pl\/index.php\/wp-json\/wp\/v2\/comments?post=14"}],"version-history":[{"count":6,"href":"http:\/\/mikrobiotop.pl\/index.php\/wp-json\/wp\/v2\/pages\/14\/revisions"}],"predecessor-version":[{"id":952,"href":"http:\/\/mikrobiotop.pl\/index.php\/wp-json\/wp\/v2\/pages\/14\/revisions\/952"}],"wp:attachment":[{"href":"http:\/\/mikrobiotop.pl\/index.php\/wp-json\/wp\/v2\/media?parent=14"}],"curies":[{"name":"wp","href":"https:\/\/api.w.org\/{rel}","templated":true}]}}