{"id":8,"date":"2017-09-15T08:30:16","date_gmt":"2017-09-15T06:30:16","guid":{"rendered":"http:\/\/kronos.psgaz.pl\/m\/?page_id=8"},"modified":"2025-10-27T21:34:47","modified_gmt":"2025-10-27T20:34:47","slug":"kontakt","status":"publish","type":"page","link":"http:\/\/mikrobiotop.pl\/index.php\/kontakt\/","title":{"rendered":"Kontakt"},"content":{"rendered":"<p>Wszelkie tw\u00f3rcze sugestie i komentarze dotycz\u0105ce zasob\u00f3w tej strony s\u0105 mile widziane jako cenne \u017ar\u00f3d\u0142o informacji, s\u0142u\u017c\u0105ce m.in. ewaluacji dzia\u0142a\u0144.<\/p>\n<table style=\"border: none;\" border=\"0\" width=\"100%\" cellspacing=\"0\" cellpadding=\"0\" align=\"center\">\n<tbody>\n<tr>\n<td style=\"border: none; width: 50px;\"><\/td>\n<td style=\"border: none; width: 30px;\"><img src=\"http:\/\/mikrobiotop.pl\/wp-content\/uploads\/2017\/09\/kontakt.phone_.png\" alt=\"\" \/><\/td>\n<td style=\"border: none;\"><\/td>\n<\/tr>\n<tr>\n<td style=\"border: none; width: 50px;\"><\/td>\n<td style=\"border: none; width: 30px;\"><img src=\"http:\/\/mikrobiotop.pl\/wp-content\/uploads\/2017\/09\/kontakt.mail_.png\" alt=\"\" \/><\/td>\n<td style=\"border: none;\"><a href=\"mailto:zielez@wp.pl\">zielez@wp.pl<\/a><\/td>\n<\/tr>\n<tr>\n<td style=\"border: none; width: 50px;\"><\/td>\n<td style=\"border: none; width: 30px;\"><img src=\"http:\/\/mikrobiotop.pl\/wp-content\/uploads\/2017\/09\/kontakt.www_.png\" alt=\"\" \/><\/td>\n<td style=\"border: none;\">http:\/\/www.mikrobiotop.pl<\/td>\n<\/tr>\n<\/tbody>\n<\/table>\n<p>Wszystkich zainteresowanych wsp\u00f3\u0142prac\u0105 serdecznie zapraszam.<\/p>\n","protected":false},"excerpt":{"rendered":"<p>Wszelkie tw\u00f3rcze sugestie i komentarze dotycz\u0105ce zasob\u00f3w tej strony s\u0105 mile widziane jako cenne \u017ar\u00f3d\u0142o informacji, s\u0142u\u017c\u0105ce m.in. ewaluacji dzia\u0142a\u0144. zielez@wp.pl http:\/\/www.mikrobiotop.pl Wszystkich zainteresowanych wsp\u00f3\u0142prac\u0105 serdecznie zapraszam.<\/p>\n","protected":false},"author":1,"featured_media":0,"parent":0,"menu_order":6,"comment_status":"closed","ping_status":"closed","template":"","meta":[],"_links":{"self":[{"href":"http:\/\/mikrobiotop.pl\/index.php\/wp-json\/wp\/v2\/pages\/8"}],"collection":[{"href":"http:\/\/mikrobiotop.pl\/index.php\/wp-json\/wp\/v2\/pages"}],"about":[{"href":"http:\/\/mikrobiotop.pl\/index.php\/wp-json\/wp\/v2\/types\/page"}],"author":[{"embeddable":true,"href":"http:\/\/mikrobiotop.pl\/index.php\/wp-json\/wp\/v2\/users\/1"}],"replies":[{"embeddable":true,"href":"http:\/\/mikrobiotop.pl\/index.php\/wp-json\/wp\/v2\/comments?post=8"}],"version-history":[{"count":10,"href":"http:\/\/mikrobiotop.pl\/index.php\/wp-json\/wp\/v2\/pages\/8\/revisions"}],"predecessor-version":[{"id":4068,"href":"http:\/\/mikrobiotop.pl\/index.php\/wp-json\/wp\/v2\/pages\/8\/revisions\/4068"}],"wp:attachment":[{"href":"http:\/\/mikrobiotop.pl\/index.php\/wp-json\/wp\/v2\/media?parent=8"}],"curies":[{"name":"wp","href":"https:\/\/api.w.org\/{rel}","templated":true}]}}